{"id":2,"date":"2010-11-10T20:25:33","date_gmt":"2010-11-10T20:25:33","guid":{"rendered":"http:\/\/www.angelbarbero.es\/?page_id=2"},"modified":"2011-12-12T20:53:32","modified_gmt":"2011-12-12T19:53:32","slug":"about","status":"publish","type":"page","link":"http:\/\/www.angelbarbero.es\/?page_id=2","title":{"rendered":"Sobre m\u00ed"},"content":{"rendered":"<p><img loading=\"lazy\" decoding=\"async\" class=\"alignleft\" title=\"Angel Barbero\" src=\"http:\/\/web.socialnoise.com\/images\/about-us\/angelbarbero.jpg\" alt=\"Angel Barbero\" width=\"123\" height=\"123\" \/>Soy Angel Barbero, actualmente responsable del departamento de Preventa de la empresa espa\u00f1ola <a href=\"http:\/\/www.vectorsf.com\">Vector SF<\/a>, especializada en soluciones online para grandes empresas.<\/p>\n<p>Mi actividad profesional es, desde hace m\u00e1s de 14 a\u00f1os, la consultor\u00eda y la formaci\u00f3n en Sistemas de Informaci\u00f3n a empresas y empresarios, as\u00ed como en gesti\u00f3n empresarial e innovaci\u00f3n. He desarrollado mi carrera tanto en Espa\u00f1a como en otros pa\u00edses como Italia, Francia o Inglaterra. Durante estos a\u00f1os he tenido la suerte de participar en los proyectos en Internet m\u00e1s innovadores en Espa\u00f1a, en diferentes \u00e1mbitos y sectores.<\/p>\n<p>Soy tambi\u00e9n Consejero en <a href=\"http:\/\/web.socialnoise.com\/\">Social Noise<\/a>, la empresa l\u00edder en servicios de marketing en Social Media, as\u00ed como de <a href=\"http:\/\/www.globalplace.net\/\">Globalplace<\/a>, consultora especializada en servicios sobre el modelo de Empresa 2.0.<\/p>\n<p>En el \u00e1mbito de la formaci\u00f3n, soy profesor asociado de la <a href=\"http:\/\/www.ie.edu\/\">IE Business School<\/a>, en el \u00e1rea de Tecnolog\u00edas, desde el a\u00f1o 2000, adem\u00e1s de director de programas en la <a href=\"http:\/\/www.incyde.org\/\">Fundaci\u00f3n INCYDE<\/a>, y profesor en m\u00e1ster y programas de diferentes escuelas.<\/p>\n<p>He desarrollado adem\u00e1s proyectos de Interim Management en empresas de base tecnol\u00f3gica, y he acompa\u00f1ado a multitud de emprendedores en el proceso de creaci\u00f3n y consolidaci\u00f3n de sus ideas de negocio.<\/p>\n<p>En cuanto a mi formaci\u00f3n, soy Ingeniero Superior de Telecomunicaciones por la UPM.<\/p>\n<p>Mis especialidades cubren los siguientes conceptos: Innovaci\u00f3n, Tecnolog\u00eda, Social Media, Formaci\u00f3n, Consultor\u00eda, Coaching, Preventa, Desarrollo de Negocio.<\/p>\n","protected":false},"excerpt":{"rendered":"<p>Soy Angel Barbero, actualmente responsable del departamento de Preventa de la empresa espa\u00f1ola Vector SF, especializada en soluciones online para grandes empresas. Mi actividad profesional es, desde hace m\u00e1s de 14 a\u00f1os, la consultor\u00eda y la formaci\u00f3n en Sistemas de Informaci\u00f3n a empresas y empresarios, as\u00ed como en gesti\u00f3n empresarial e innovaci\u00f3n. He desarrollado mi&hellip; <a class=\"more-link\" href=\"http:\/\/www.angelbarbero.es\/?page_id=2\">Seguir leyendo <span class=\"screen-reader-text\">Sobre m\u00ed<\/span><\/a><\/p>\n","protected":false},"author":123484,"featured_media":0,"parent":0,"menu_order":0,"comment_status":"closed","ping_status":"closed","template":"","meta":{"footnotes":""},"class_list":["post-2","page","type-page","status-publish","hentry","entry"],"_links":{"self":[{"href":"http:\/\/www.angelbarbero.es\/index.php?rest_route=\/wp\/v2\/pages\/2","targetHints":{"allow":["GET"]}}],"collection":[{"href":"http:\/\/www.angelbarbero.es\/index.php?rest_route=\/wp\/v2\/pages"}],"about":[{"href":"http:\/\/www.angelbarbero.es\/index.php?rest_route=\/wp\/v2\/types\/page"}],"author":[{"embeddable":true,"href":"http:\/\/www.angelbarbero.es\/index.php?rest_route=\/wp\/v2\/users\/123484"}],"replies":[{"embeddable":true,"href":"http:\/\/www.angelbarbero.es\/index.php?rest_route=%2Fwp%2Fv2%2Fcomments&post=2"}],"version-history":[{"count":5,"href":"http:\/\/www.angelbarbero.es\/index.php?rest_route=\/wp\/v2\/pages\/2\/revisions"}],"predecessor-version":[{"id":56,"href":"http:\/\/www.angelbarbero.es\/index.php?rest_route=\/wp\/v2\/pages\/2\/revisions\/56"}],"wp:attachment":[{"href":"http:\/\/www.angelbarbero.es\/index.php?rest_route=%2Fwp%2Fv2%2Fmedia&parent=2"}],"curies":[{"name":"wp","href":"https:\/\/api.w.org\/{rel}","templated":true}]}}